{"id":13,"date":"2017-08-30T20:37:34","date_gmt":"2017-08-30T19:37:34","guid":{"rendered":"http:\/\/givingendo.com\/?page_id=13"},"modified":"2017-09-25T21:47:10","modified_gmt":"2017-09-25T20:47:10","slug":"for-tannleger","status":"publish","type":"page","link":"https:\/\/givingendo.com\/index.php\/for-tannleger\/","title":{"rendered":"For tannleger"},"content":{"rendered":"<p>&nbsp;<\/p>\n<p>&nbsp;<\/p>\n<p>&nbsp;<\/p>\n<p>&nbsp;<\/p>\n<p>&nbsp;<\/p>\n<p>&nbsp;<\/p>\n<p>&nbsp;<\/p>\n<p>&nbsp;<\/p>\n<p>&nbsp;<\/p>\n<h3>\n\t\tEt god valg<br \/>\n\t<\/h3>\n<p>Vi lokalisert kun 20 minutter unna Oslo sentrum, lett \u00e5 finne fram og god gratis parkering. Rullestolbrukere har enkel adkomst<\/p>\n<p>Vi har alt moderne utstyr og god kapasitet<\/p>\n<p>Med endospesialist Erik Giving og radiolog Lena Vannas L\u00f6fqvist, \u00a0med p\u00e5 laget, tar vi gjerne imot din henvisning.<\/p>\n<p>Vi setter det kollegiale h\u00f8yt og verdsetter en god dialog b\u00e5de f\u00f8r og etter behandling.<br \/>\nHenviste pasienter vil kun f\u00e5 utf\u00f8rt den \u00f8nskede rotbehandlingen hos oss. Dette informerer vi pasienten om og ber om at egen tannlege kontaktes for videre behandling. N\u00e5r pasienten er ferdigbehandlet vil det umiddelbart bli sendt en epikrise til henviser.<\/p>\n<h1 style=\"text-align: center;\">Ring oss p\u00e5\u00a0<\/h1>\n<h1 style=\"text-align: center;\"><\/h1>\n<h1 style=\"text-align: center;\">64 83 10 10<\/h1>\n","protected":false},"excerpt":{"rendered":"<p>&nbsp; &nbsp; &nbsp; &nbsp; &nbsp; &nbsp; &nbsp; &nbsp; &nbsp; Et god valg Vi lokalisert kun 20 minutter unna Oslo sentrum, lett \u00e5 finne fram og god gratis parkering. Rullestolbrukere har enkel adkomst Vi har alt moderne utstyr og god kapasitet Med endospesialist Erik Giving og radiolog Lena Vannas L\u00f6fqvist, \u00a0med p\u00e5 laget, tar vi gjerne<\/p>\n","protected":false},"author":1,"featured_media":0,"parent":0,"menu_order":0,"comment_status":"closed","ping_status":"closed","template":"page-fullwidth.php","meta":[],"_links":{"self":[{"href":"https:\/\/givingendo.com\/index.php\/wp-json\/wp\/v2\/pages\/13"}],"collection":[{"href":"https:\/\/givingendo.com\/index.php\/wp-json\/wp\/v2\/pages"}],"about":[{"href":"https:\/\/givingendo.com\/index.php\/wp-json\/wp\/v2\/types\/page"}],"author":[{"embeddable":true,"href":"https:\/\/givingendo.com\/index.php\/wp-json\/wp\/v2\/users\/1"}],"replies":[{"embeddable":true,"href":"https:\/\/givingendo.com\/index.php\/wp-json\/wp\/v2\/comments?post=13"}],"version-history":[{"count":14,"href":"https:\/\/givingendo.com\/index.php\/wp-json\/wp\/v2\/pages\/13\/revisions"}],"predecessor-version":[{"id":166,"href":"https:\/\/givingendo.com\/index.php\/wp-json\/wp\/v2\/pages\/13\/revisions\/166"}],"wp:attachment":[{"href":"https:\/\/givingendo.com\/index.php\/wp-json\/wp\/v2\/media?parent=13"}],"curies":[{"name":"wp","href":"https:\/\/api.w.org\/{rel}","templated":true}]}}