{"id":11,"date":"2017-08-30T20:37:17","date_gmt":"2017-08-30T19:37:17","guid":{"rendered":"http:\/\/givingendo.com\/?page_id=11"},"modified":"2017-09-25T21:41:29","modified_gmt":"2017-09-25T20:41:29","slug":"for-pasienter","status":"publish","type":"page","link":"https:\/\/givingendo.com\/index.php\/for-pasienter\/","title":{"rendered":"For pasienter"},"content":{"rendered":"<p>&nbsp;<\/p>\n<p>&nbsp;<\/p>\n<p>&nbsp;<\/p>\n<p>&nbsp;<\/p>\n<p>&nbsp;<\/p>\n<p>&nbsp;<\/p>\n<p>&nbsp;<\/p>\n<p>&nbsp;<\/p>\n<p>&nbsp;<\/p>\n<p>&nbsp;<\/p>\n<p>\t\t\tN\u00e5r trenger man en rotfylling<\/p>\n<p id=\"head2\">Av ulike \u00e5rsaker kan det v\u00e6re n\u00f8dvendig \u00e5 fylle en tann. Tannens nerve kan v\u00e6re betent og dette kan f\u00f8re til smerter eller andre symptomer. Hevelse eller fistel\u00e5pning (&#8220;kvise p\u00e5 tannkj\u00f8ttet&#8221;) er noen av disse. I midlertidig er det mer vanlig at en betent tann er symptomfri og derfor kun blir oppdaget ved et rutinemessig r\u00f8ntgenbilde. Av og til m\u00e5 en tann rotfylles fordi dette er fornuftig f\u00f8r en krone eller en bro skal lages. Enkelte tenner som allerede er rotfylt kan av ulike \u00e5rsaker trenge en omgj\u00f8ring av rotfyllingen for at man ikke skal f\u00e5 et fremtidig problem.<\/p>\n<p>\t\t\tHva er en rotfylling?<\/p>\n<p id=\"head2\"><strong style=\"font-size: 16px;\">Litt om rotfylling:<\/strong><\/p>\n<p>Rotfylling av en tann gj\u00f8res fordi nerven i tannen er skadet eller d\u00f8d som f\u00f8lge av en bakterie-infeksjon. Rotfylling er n\u00f8dvendig for \u00e5 beholde tannen. Oftest er nerven blitt skadet som f\u00f8lge av at det er kommet bakterier inn i den pga et stort caries-angrep i tannen (stort hull) eller en sprekk.<\/p>\n<p>Behandles ikke nerven vil bakteriene spre seg til rotspissen og en betennelse i benet rundt rotspissen vil oppst\u00e5. En tannbyll vil dannes med hevelse eller fistel\u00e5pning (&#8220;kvise p\u00e5 tannkj\u00f8ttet&#8221;). Betennelsen i nerven kan gi tannpine eller v\u00e6re helt symptomfri og derfor kun blir oppdaget ved et rutinemessig r\u00f8ntgenbilde. Rotfylling best\u00e5r i at nerven og bakterier fjernes inne i tannen. Kanalene, hvor nerven har v\u00e6rt, renses ut og fylles s\u00e5 igjen med et tett materiale. For \u00e5 ta knekken p\u00e5 alle bakterier m\u00e5 et bakteriedrepende innlegg legges i tannen i en periode. Enkelte ganger av forskjellige \u00e5rsaker er dette ikke nok til \u00e5 ta knekken p\u00e5 bakteriene. I disse tilfellene kan en kirurgisk fjerning av rotspissen bli n\u00f8dvendig.<\/p>\n<p>Av og til m\u00e5 en tann rotfylles fordi dette er fornuftig f\u00f8r en krone eller en bro skal lages. Enkelte tenner som allerede er rotfylt kan av ulike \u00e5rsaker trenge en omgj\u00f8ring av rotfyllingen for at man ikke skal f\u00e5 et fremtidig problem.<\/p>\n<p>\u00a0<\/p>\n<p>\u00c5 rotfylle en tann skal normalt v\u00e6re smertefritt. Du skal ikke beh\u00f8ve \u00e5 kjenne noe som helst under behandlingen. Men av og til kan det v\u00e6re vanskelig \u00e5 bed\u00f8ve tannen, spesielt n\u00e5r betennelsen er kraftig. Du vil da f\u00e5 p\u00e5fyll av bed\u00f8velse under behandlingen, og endodontisten(tannlege med speialutdannelse) vil v\u00e6re ekstra oppmerksom p\u00e5 dette og gj\u00f8re sitt beste for at du ikke skal kjenne smerte.<\/p>\n<p>Efter behandlingen vil endodontisten legge en midlertidig toppfylling i tannen. Din tannlege vil derfor m\u00e5tte lage en endelig fylling eller krone etter rotbehandlingen.<\/p>\n<p>\u00a0<\/p>\n<p>\t\t\tHva skjer etter rotfyllingen?<\/p>\n<p id=\"head2\">Etter rotfyllingen kan det v\u00e6re noe smerter fra tannen et par dager. Dette skjer oftere dersom tannen hadde symptomer f\u00f8r behandlingen. Smertene vil imidlertid raskt avta ved hjelp av smertestillende behandling(tabletter).<\/p>\n<p>\nF\u00f8ler du sterke smerter og press fra tannen til tross for tablettbruk eller f\u00e5r en hevelse m\u00e5 du ta kontakt med oss. Vi vil da kunne hjelpe deg.<\/p>\n<p>\t\t\tTrenger en rotfylt tann spesialbehandling?<\/p>\n<p id=\"head2\">Den rotfylte tannen er ofte en svak tann p\u00e5 grunn av store fyllinger. Det er derfor ekstra viktig \u00e5 f\u00e5 den rette etterbehandling slik at den kan vare lenge. Det vil v\u00e6re behov for \u00e5 dekke tynne tyggetopper og svake deler av tannen med en sterk fylling eller en krone. Noen ganger vil en stiftoppbygging av tannen v\u00e6re n\u00f8dvendig. Alt dette gj\u00f8res av den henvisende tannlegen, men av og til vil endodontisen gj\u00f8re noe av denne behandlingen.<\/p>\n<p>\t\t\tKirurgi i den rotfylte tannen<\/p>\n<p id=\"head2\">I f\u00e5 tilfelle lykkes man ikke av ulike \u00e5rsaker i \u00e5 f\u00e5 tatt knekken p\u00e5 betennelsen vha en rotfylling. \u00c5rsaken til dette kan v\u00e6re at bakteriene er av en s\u00e5dan art at de kan v\u00e6re motstansdyktige mot v\u00e5r behandling, anatomien av tannen gj\u00f8r det vanskelig \u00e5 komme til bakteriene, bakteriene kan sitte p\u00e5 utsiden av tannroten eller andre grunner. I disse tilfelle vil man velge \u00e5 utf\u00f8re et lite kirurgisk inngrep, hvor man fjerner rotspissen og forsegler rotkanalen fra rotspissen. F\u00f8r et evt kirurgisk inngrep vil man i de fleste tilfeller fors\u00f8ke om man kan bli kvitt betennelsen med en omgj\u00f8ring av rotfyllingen.<\/p>\n<p>\t\t\tHensikten med operasjonen<\/p>\n<p id=\"head2\">Hensikten med operasjonen er \u00e5 \u00e5pne opp bl\u00f8tvevet rundt tannen slik at man kommer til det betente omr\u00e5det og f\u00e5r fjernet dette. Den mest vanlige endodontiske operasjon er rotspissamutasjon (apisektomi). Ved denne fjerner man spissen av den roten hvor betennelsen fortsatt sitter. Ofte vil det ogs\u00e5 bli gjort en forsegling av rotkanalen i roten fra rotspissen.<\/p>\n<p>\t\t\tHva koster behandlingen?<\/p>\n<p>Endodontisk tannbehandling krever h\u00f8y kompetanse og avansert utstyr. Kostnadene vil avhenge av hvilken tann som behandles. Store jeksler vil kreve mer behandling og vil normalt v\u00e6re dyrest \u00e5 behandle. Tannlegen vil p\u00e5 forh\u00e5nd gi deg et prisoverslag.<\/p>\n<p>\t\t\tHvorfor m\u00e5 en tann rotfylles?<\/p>\n<p>Dersom pulpa blir skadet og infisert av bakterier, kan den aldri bli normal igjen. Den vanligste \u00e5rsaken til slike skader er dype hull i tannen (I). Resultatet kan bli tannsmerter, og en infeksjon som sprer seg til kjevebenet rundt tannens r\u00f8tter (II). Ved \u00e5 rotfylle tannen, fjerner man bakteriene og f\u00e5r kontroll p\u00e5 infeksjonen (III). P\u00e5 denne m\u00e5ten kan tannen reddes (IV).<\/p>\n<p>\u00a0<\/p>\n<p><img loading=\"lazy\" src=\"http:\/\/givingendo.com\/wp-content\/uploads\/2017\/08\/rotfylling_illu_2_w170.jpg\" alt=\"\" width=\"170\" height=\"226\" \/><\/p>\n<p>\u00a0<\/p>\n<p>\t\t\tHva er alternativet til rotfylling?<\/p>\n<p>Alternativet til rotfylling vil v\u00e6re \u00e5 fjerne tannen. Om \u00f8nskelig kan man s\u00e5 erstatte tannen med en keramisk bro eller et implantat med p\u00e5montert keramisk krone. Dette er l\u00f8sninger som er vesentlig dyrere enn om tannen rotfylles og beholdes.<\/p>\n<p>\t\t\tHvordan er prognosen?<\/p>\n<p>De fleste tenner kan rotfylles med sv\u00e6rt godt resultat. N\u00e5r resultatet likevel ikke blir som vi \u00f8nsker, kan dette ha ulike \u00e5rsaker.<\/p>\n<p>De vanligste er:<\/p>\n<ul>\n<li>sprekkdannelser i roten hvor bakterier ikke kan renses bort<\/li>\n<li>ekstra nervekanal som er infisert, men som ikke lar seg p\u00e5vise<\/li>\n<li>forkalkninger som tetter nervekanalen<\/li>\n<li>kraftige avb\u00f8yninger p\u00e5 roten<\/li>\n<\/ul>\n<p>Selv om rotfyllingen er vellykket, kan det i noen tilfeller forekomme svake ettersmerter i tannen i opptil flere m\u00e5neder etter at behandlingen er ferdig. Det er ogs\u00e5 viktig \u00e5 v\u00e6re klar over at en rotfylt tann ikke er like sterk som f\u00f8r. Den er derfor mer utsatt for \u00e5 knekke enn en frisk tann. Av og til vil det derfor v\u00e6re anbefalt \u00e5 styrke tannen med en keramisk krone.<\/p>\n<p>\t\t\tViktig<\/p>\n<p>I prosessen med \u00e5 rotfylle en tann vil man normalt m\u00e5tte g\u00e5 en periode med en midlertidig fylling. Den midlertidige fyllingen skal hindre at nye bakterier kommer inn og infiserer pulpa.<\/p>\n<ul>\n<li>\nDen midlertidige fyllingen er f\u00f8rst myk og blir gradvis sterkere. Det er derfor viktig at man lar den v\u00e6re i ro i minst 1 time f\u00f8r man spiser.\n<\/li>\n<li>\nEn\u00a0midlertidig fylling blir aldri s\u00e5 sterk som en vanlig fylling. V\u00e6r derfor noe forsiktig ved tygging. Ta kontakt dersom st\u00f8rre biter knekker av den midlertidige fyllingen.\n<\/li>\n<li>\nTannen rundt den midlertidige fyllingen er svekket. Ta kontakt dersom noe av tannen faller av.\n<\/li>\n<li>\nIkke bruk tannstikker eller tanntr\u00e5d i omr\u00e5det ved den midlertidige fyllingen. Rengj\u00f8r ellers tannen som normalt.\n<\/li>\n<\/ul>\n<p>\t\t\tHvor lang tid tar en rotfylling?<\/p>\n<p><img loading=\"lazy\" src=\"http:\/\/givingendo.com\/wp-content\/uploads\/2017\/08\/1387273093690.MaxSize.w-1200.h-1200.Save_.img_.jpeg\" alt=\"\" width=\"601\" height=\"601\" \/>Rotfylling er ofte komplisert og kan ta lang tid. Rotfylling av en stor jeksel tar gjerne ett til tre bes\u00f8k.<\/p>\n<ol>\n<li>Tannlegen m\u00e5 f\u00f8rst finne pulpa og rotkanalene. Derefter fjernes den infiserte pulpaen med hjelp av spesielle instrumenter.<\/li>\n<li>Sidan m\u00e5 tannlegen fylle de rensede rotkanalene med et materiale, som ofte er en type gummi.<\/li>\n<li>P\u00e5 toppen av tannen m\u00e5 tannlegen legge en krone\u00a0eller en fylling.<\/li>\n<\/ol>\n<p>\t\t\tHvordan arter smertene seg ?<\/p>\n<p>Smerte i tenner kan arte seg p\u00e5 forskjellige m\u00e5ter. De spontane, hurtige smertereaksjoner etter \u00e5 ha drukket kaldt vann, spist iskrem eller \u00e5 ha v\u00e6rt ute i kaldt v\u00e6r, er ofte ikke forbundet med noen form for sykdom. Dette kommer av hypersensibilitet (ising) i dentinet (tannbeinet) og kan for mange mennesker v\u00e6re veldig irriterende og av og til uutholdelig. Hvis en tann etter kald eller varm stimulering gir spontane smerter som ikke forsvinner etter en kort stund, eller at smertene kommer av seg selv uten noen form for stimulering (noen ganger om kvelden n\u00e5r man legger seg), kan det tyde p\u00e5 sykdom i tannen og behov for behandling. N\u00e5r infeksjonen har kommet langt, kan tannen bli sv\u00e6rt \u00f8m ved tygging, spising eller ber\u00f8ring.<\/p>\n<p>\t\t\tEr en rotfylt tann svekket?<\/p>\n<p>En rotfylt tann beh\u00f8ver ikke v\u00e6re svekket og kan fungere som andre vitale tenner. Men ofte er den mer utsatt for \u00e5 brekke hvis den har store fyllinger etter tannr\u00e5te. Andre ganger mangler mye av kronedelen. Det er derfor mange rotfylte tenner m\u00e5 kronebehandles. En rotfylt tann sitter like godt fast i kjeven som andre tenner, men den har mistet sin evne til \u00e5 kjenne varme og kulde.<\/p>\n<p>\t\t\tKan jeg kj\u00f8re bil etter inngrepet?<\/p>\n<p>Etter tannbehandling og mindre kirurgiske inngrep kan du stort sett kj\u00f8re bil. Unntaket er dersom du har f\u00e5tt behandling under sedasjon, eller har f\u00e5tt smertestillende med r\u00f8d\u00a0varseltrekant (f. eks. Paralgin Forte eller Valium) i forkant av inngrepet\/behandlingen.<\/p>\n<p>\t\t\tInformasjon om endodontisk behandling\u00a0(rotfylling)<\/p>\n<header>\n<p>Tannleger med spesialistutdanning i endodonti har under sin 3 \u00e5rige videreutdannelse gjennomg\u00e5tt relevant litteratur, samt praktisk klinisk trening i rotbehandling og smerteutredning.<\/p>\n<\/header>\n<p>Hensikten med rotbehandling er \u00e5 opprettholde tannens funksjon ved \u00e5 fjerne betent og\/eller infisert vev i rotkanalen, samt \u00e5 forebygge videre spredning av infeksjonen til omliggende kjeveben.<\/p>\n<p>Basert p\u00e5 spesialistens unders\u00f8kelse av det aktuelle omr\u00e5det og n\u00f8dvendige r\u00f8ntgenbilder, presenteres diagnose, antatt prognose og behandlingsalternativer med kostnadsoverslag for pasienten.<\/p>\n<p>Selve behandlingen er i de aller fleste tilfeller smertefri. Effekten av bed\u00f8velsen kontrolleres f\u00f8r utrensingen av rotkanalene p\u00e5begynnes. Det er vanlig at tannen kjennes litt \u00f8m noen dager etter behandlingen. I sjeldne tilfeller kan det inntreffe akutte symptomer, men dette vil ikke ha innvirkning p\u00e5 prognosen.<\/p>\n<p>Rotbehandling kan v\u00e6re b\u00e5de tidkrevende og vanskelig. Dette skyldes at r\u00f8ttene i mange tilfeller har flere kanaler, er b\u00f8yde eller kan ha forkalkninger som er til hinder for den desinfiserende utrensingen.<\/p>\n<p>Avansert teknisk utstyr som f. eks. mikroskop er n\u00f8dvendig for rasjonell behandling og for \u00e5 spare tannsubstans. I noen f\u00e5 tilfeller suppleres det med et lite kirurgisk inngrep for \u00e5 fjerne den infiserte rotspissen der konvensjonell behandling ikke har gitt forventet resultat.<\/p>\n<p>Sykdom for\u00e5rsaket av infeksjon i rotkanalen forekommer med og uten symptomer. Slike infeksjoner g\u00e5r ikke over av seg selv. Dersom tannen blir st\u00e5ende ubehandlet, kan den blusse opp og gi sterke smerter og hevelse.<\/p>\n<p>Rotbehandling er i dag en hensiktsmessig og sikker behandlingsform. Prognosen er god med en vellykkethet p\u00e5 80-95%. Det er viktig at den rotbehandlete tannen blir forseglet med en tett fylling eller krone. Dette hindrer at bakterier kommer ned i rotkanalene igjen med en eventuell ny infeksjon som resultat. Etter avsluttet behandling hos rotfyllingsspesialisten anmodes derfor pasienten om \u00e5 ta kontakt med sin faste tannlege.<\/p>\n<p><em>Kilde:\u00a0Norsk Endodontiforening<\/em><\/p>\n","protected":false},"excerpt":{"rendered":"<p>&nbsp; &nbsp; &nbsp; &nbsp; &nbsp; &nbsp; &nbsp; &nbsp; &nbsp; &nbsp; N\u00e5r trenger man en rotfylling Av ulike \u00e5rsaker kan det v\u00e6re n\u00f8dvendig \u00e5 fylle en tann. Tannens nerve kan v\u00e6re betent og dette kan f\u00f8re til smerter eller andre symptomer. Hevelse eller fistel\u00e5pning (&#8220;kvise p\u00e5 tannkj\u00f8ttet&#8221;) er noen av disse. I midlertidig er det mer<\/p>\n","protected":false},"author":1,"featured_media":0,"parent":0,"menu_order":0,"comment_status":"closed","ping_status":"closed","template":"page-fullwidth.php","meta":[],"_links":{"self":[{"href":"https:\/\/givingendo.com\/index.php\/wp-json\/wp\/v2\/pages\/11"}],"collection":[{"href":"https:\/\/givingendo.com\/index.php\/wp-json\/wp\/v2\/pages"}],"about":[{"href":"https:\/\/givingendo.com\/index.php\/wp-json\/wp\/v2\/types\/page"}],"author":[{"embeddable":true,"href":"https:\/\/givingendo.com\/index.php\/wp-json\/wp\/v2\/users\/1"}],"replies":[{"embeddable":true,"href":"https:\/\/givingendo.com\/index.php\/wp-json\/wp\/v2\/comments?post=11"}],"version-history":[{"count":21,"href":"https:\/\/givingendo.com\/index.php\/wp-json\/wp\/v2\/pages\/11\/revisions"}],"predecessor-version":[{"id":164,"href":"https:\/\/givingendo.com\/index.php\/wp-json\/wp\/v2\/pages\/11\/revisions\/164"}],"wp:attachment":[{"href":"https:\/\/givingendo.com\/index.php\/wp-json\/wp\/v2\/media?parent=11"}],"curies":[{"name":"wp","href":"https:\/\/api.w.org\/{rel}","templated":true}]}}